{"id":55,"date":"2026-01-20T19:08:49","date_gmt":"2026-01-20T19:08:49","guid":{"rendered":"https:\/\/tompi.be\/?page_id=55"},"modified":"2026-02-05T22:11:01","modified_gmt":"2026-02-05T22:11:01","slug":"acceuil","status":"publish","type":"page","link":"https:\/\/tompi.be\/","title":{"rendered":"Acceuil"},"content":{"rendered":"\t\t<div data-elementor-type=\"wp-page\" data-elementor-id=\"55\" class=\"elementor elementor-55\" data-elementor-post-type=\"page\">\n\t\t\t\t<div class=\"elementor-element elementor-element-6d17a3e e-flex e-con-boxed e-con e-parent\" data-id=\"6d17a3e\" data-element_type=\"container\">\n\t\t\t\t\t<div class=\"e-con-inner\">\n\t\t\t\t<div class=\"elementor-element elementor-element-5ae2708 elementor-widget elementor-widget-text-editor\" data-id=\"5ae2708\" data-element_type=\"widget\" data-widget_type=\"text-editor.default\">\n\t\t\t\t\t\t\t\t\t<p style=\"text-align: center;\">Bienvenue sur la vitrine de l&#8217;atelier Tompi.<br \/><br \/><strong>Au menu ce jour :\u00a0<\/strong><\/p>\t\t\t\t\t\t\t\t<\/div>\n\t\t\t\t\t<\/div>\n\t\t\t\t<\/div>\n\t\t<div class=\"elementor-element elementor-element-17525e2 e-flex e-con-boxed e-con e-parent\" data-id=\"17525e2\" data-element_type=\"container\">\n\t\t\t\t\t<div class=\"e-con-inner\">\n\t\t\t\t<div class=\"elementor-element elementor-element-d42291a elementor-widget__width-initial elementor--h-position-center elementor--v-position-middle elementor-arrows-position-inside elementor-pagination-position-inside elementor-widget elementor-widget-slides\" data-id=\"d42291a\" data-element_type=\"widget\" data-settings=\"{&quot;autoplay_speed&quot;:4000,&quot;transition_speed&quot;:1000,&quot;navigation&quot;:&quot;both&quot;,&quot;autoplay&quot;:&quot;yes&quot;,&quot;pause_on_hover&quot;:&quot;yes&quot;,&quot;pause_on_interaction&quot;:&quot;yes&quot;,&quot;infinite&quot;:&quot;yes&quot;,&quot;transition&quot;:&quot;slide&quot;}\" data-widget_type=\"slides.default\">\n\t\t\t\t\t\t\t\t\t\t<div class=\"elementor-slides-wrapper elementor-main-swiper swiper\" role=\"region\" aria-roledescription=\"carousel\" aria-label=\"Slides\" dir=\"ltr\" data-animation=\"fadeInUp\">\n\t\t\t\t<div class=\"swiper-wrapper elementor-slides\">\n\t\t\t\t\t\t\t\t\t\t<div class=\"elementor-repeater-item-c4bd7aa swiper-slide\" role=\"group\" aria-roledescription=\"slide\"><div class=\"swiper-slide-bg elementor-ken-burns elementor-ken-burns--in\" role=\"img\" aria-label=\"DSC02565-Modifier-2\"><\/div><a class=\"swiper-slide-inner\" href=\"https:\/\/tompi.be\/index.php\/voyages-fantastiques\/\"><div class=\"swiper-slide-contents\"><div class=\"elementor-slide-heading\">Voyages fantastiques<\/div><div class=\"elementor-slide-description\">Vers l'infini et au del\u00e0 !<\/div><\/div><\/a><\/div><div class=\"elementor-repeater-item-72dc5ee swiper-slide\" role=\"group\" aria-roledescription=\"slide\"><div class=\"swiper-slide-bg elementor-ken-burns elementor-ken-burns--in\" role=\"img\" aria-label=\"Philibert tree eater\"><\/div><a class=\"swiper-slide-inner\" href=\"https:\/\/tompi.be\/index.php\/zouloumania\/\"><div class=\"swiper-slide-contents\"><div class=\"elementor-slide-heading\">Zouloumania<\/div><div class=\"elementor-slide-description\">Ton univers impitoyable<\/div><\/div><\/a><\/div><div class=\"elementor-repeater-item-90612a2 swiper-slide\" role=\"group\" aria-roledescription=\"slide\"><div class=\"swiper-slide-bg elementor-ken-burns elementor-ken-burns--in\" role=\"img\" aria-label=\"DSC04482-Modifier\"><\/div><a class=\"swiper-slide-inner\" href=\"https:\/\/tompi.be\/index.php\/animaux\/\"><div class=\"swiper-slide-contents\"><div class=\"elementor-slide-heading\">Animaux<\/div><div class=\"elementor-slide-description\">& autres<\/div><\/div><\/a><\/div><div class=\"elementor-repeater-item-2f6eaa0 swiper-slide\" role=\"group\" aria-roledescription=\"slide\"><div class=\"swiper-slide-bg elementor-ken-burns elementor-ken-burns--in\" role=\"img\" aria-label=\"baniere page acceuil\"><\/div><a class=\"swiper-slide-inner\" href=\"https:\/\/tompi.be\/index.php\/mobilier\/\"><div class=\"swiper-slide-contents\"><div class=\"elementor-slide-heading\">Mobilier<\/div><div class=\"elementor-slide-description\">Pratique et esth\u00e9tique<\/div><\/div><\/a><\/div><div class=\"elementor-repeater-item-476d6d0 swiper-slide\" role=\"group\" aria-roledescription=\"slide\"><div class=\"swiper-slide-bg elementor-ken-burns elementor-ken-burns--in\" role=\"img\" aria-label=\"Tompi banniere F\"><\/div><div class=\"swiper-slide-inner\" ><div class=\"swiper-slide-contents\"><div class=\"elementor-slide-heading\">EXPOSITIONS :<\/div><div class=\"elementor-slide-description\">Vis\u00e9, salle centre ville Maison des jeunes Wandre-Jupille\nFin mars ( ? ) <\/div><div  class=\"elementor-button elementor-slide-button elementor-size-xs\">Click Here<\/div><\/div><\/div><\/div>\t\t\t\t<\/div>\n\t\t\t\t\t\t\t\t\t\t\t\t\t\t\t<div class=\"elementor-swiper-button elementor-swiper-button-prev\" role=\"button\" tabindex=\"0\" aria-label=\"Previous slide\">\n\t\t\t\t\t\t\t<svg aria-hidden=\"true\" class=\"e-font-icon-svg e-eicon-chevron-left\" viewBox=\"0 0 1000 1000\" xmlns=\"http:\/\/www.w3.org\/2000\/svg\"><path d=\"M646 125C629 125 613 133 604 142L308 442C296 454 292 471 292 487 292 504 296 521 308 533L604 854C617 867 629 875 646 875 663 875 679 871 692 858 704 846 713 829 713 812 713 796 708 779 692 767L438 487 692 225C700 217 708 204 708 187 708 171 704 154 692 142 675 129 663 125 646 125Z\"><\/path><\/svg>\t\t\t\t\t\t<\/div>\n\t\t\t\t\t\t<div class=\"elementor-swiper-button elementor-swiper-button-next\" role=\"button\" tabindex=\"0\" aria-label=\"Next slide\">\n\t\t\t\t\t\t\t<svg aria-hidden=\"true\" class=\"e-font-icon-svg e-eicon-chevron-right\" viewBox=\"0 0 1000 1000\" xmlns=\"http:\/\/www.w3.org\/2000\/svg\"><path d=\"M696 533C708 521 713 504 713 487 713 471 708 454 696 446L400 146C388 133 375 125 354 125 338 125 325 129 313 142 300 154 292 171 292 187 292 204 296 221 308 233L563 492 304 771C292 783 288 800 288 817 288 833 296 850 308 863 321 871 338 875 354 875 371 875 388 867 400 854L696 533Z\"><\/path><\/svg>\t\t\t\t\t\t<\/div>\n\t\t\t\t\t\t\t\t\t\t\t\t\t\t\t\t<div class=\"swiper-pagination\"><\/div>\n\t\t\t\t\t\t\t\t\t\t\t\t<\/div>\n\t\t\t\t\t\t\t\t<\/div>\n\t\t\t\t\t<\/div>\n\t\t\t\t<\/div>\n\t\t<div class=\"elementor-element elementor-element-9485cb1 e-flex e-con-boxed e-con e-parent\" data-id=\"9485cb1\" data-element_type=\"container\">\n\t\t\t\t\t<div class=\"e-con-inner\">\n\t\t\t\t<div class=\"elementor-element elementor-element-39e2b18 elementor-widget elementor-widget-spacer\" data-id=\"39e2b18\" data-element_type=\"widget\" data-widget_type=\"spacer.default\">\n\t\t\t\t\t\t\t<div class=\"elementor-spacer\">\n\t\t\t<div class=\"elementor-spacer-inner\"><\/div>\n\t\t<\/div>\n\t\t\t\t\t\t<\/div>\n\t\t\t\t\t<\/div>\n\t\t\t\t<\/div>\n\t\t<div class=\"elementor-element elementor-element-d679e63 e-flex e-con-boxed e-con e-parent\" data-id=\"d679e63\" data-element_type=\"container\">\n\t\t\t\t\t<div class=\"e-con-inner\">\n\t\t\t\t<div class=\"elementor-element elementor-element-83603fb elementor-widget elementor-widget-image\" data-id=\"83603fb\" data-element_type=\"widget\" data-widget_type=\"image.default\">\n\t\t\t\t\t\t\t\t\t\t\t\t\t\t\t<img fetchpriority=\"high\" decoding=\"async\" width=\"768\" height=\"512\" src=\"http:\/\/tompi.be\/wp-content\/uploads\/2026\/01\/DSC07551-Modifier-Modifier-2-768x512.jpg\" class=\"attachment-medium_large size-medium_large wp-image-226\" alt=\"\" srcset=\"http:\/\/tompi.be\/wp-content\/uploads\/2026\/01\/DSC07551-Modifier-Modifier-2-768x512.jpg 768w, http:\/\/tompi.be\/wp-content\/uploads\/2026\/01\/DSC07551-Modifier-Modifier-2-300x200.jpg 300w, http:\/\/tompi.be\/wp-content\/uploads\/2026\/01\/DSC07551-Modifier-Modifier-2-1024x683.jpg 1024w, http:\/\/tompi.be\/wp-content\/uploads\/2026\/01\/DSC07551-Modifier-Modifier-2-1536x1024.jpg 1536w, http:\/\/tompi.be\/wp-content\/uploads\/2026\/01\/DSC07551-Modifier-Modifier-2.jpg 2048w\" sizes=\"(max-width: 768px) 100vw, 768px\" \/>\t\t\t\t\t\t\t\t\t\t\t\t\t\t\t<\/div>\n\t\t\t\t\t<\/div>\n\t\t\t\t<\/div>\n\t\t<div class=\"elementor-element elementor-element-e906184 e-flex e-con-boxed e-con e-parent\" data-id=\"e906184\" data-element_type=\"container\">\n\t\t\t\t\t<div class=\"e-con-inner\">\n\t\t\t\t<div class=\"elementor-element elementor-element-710db58 elementor-widget elementor-widget-text-editor\" data-id=\"710db58\" data-element_type=\"widget\" data-widget_type=\"text-editor.default\">\n\t\t\t\t\t\t\t\t\t<p style=\"text-align: center;\">Merci \u00e0 KAHORI pour l&#8217;excellence de ses photos. Tout droit r\u00e9serv\u00e9.<\/p>\t\t\t\t\t\t\t\t<\/div>\n\t\t\t\t\t<\/div>\n\t\t\t\t<\/div>\n\t\t\t\t<\/div>\n\t\t","protected":false},"excerpt":{"rendered":"<p>Bienvenue sur la vitrine de l&#8217;atelier Tompi. Au menu ce jour :\u00a0 Voyages fantastiquesVers l&#8217;infini et au del\u00e0 !ZouloumaniaTon univers impitoyableAnimaux&#038; autresMobilierPratique et esth\u00e9tiqueEXPOSITIONS :Vis\u00e9, salle centre ville Maison des jeunes Wandre-Jupille Fin mars ( ? ) Click Here Merci \u00e0 KAHORI pour l&#8217;excellence de ses photos. Tout droit r\u00e9serv\u00e9.<\/p>\n","protected":false},"author":1,"featured_media":0,"parent":0,"menu_order":0,"comment_status":"closed","ping_status":"closed","template":"no-title","meta":{"footnotes":""},"class_list":["post-55","page","type-page","status-publish","hentry"],"_links":{"self":[{"href":"https:\/\/tompi.be\/index.php\/wp-json\/wp\/v2\/pages\/55","targetHints":{"allow":["GET"]}}],"collection":[{"href":"https:\/\/tompi.be\/index.php\/wp-json\/wp\/v2\/pages"}],"about":[{"href":"https:\/\/tompi.be\/index.php\/wp-json\/wp\/v2\/types\/page"}],"author":[{"embeddable":true,"href":"https:\/\/tompi.be\/index.php\/wp-json\/wp\/v2\/users\/1"}],"replies":[{"embeddable":true,"href":"https:\/\/tompi.be\/index.php\/wp-json\/wp\/v2\/comments?post=55"}],"version-history":[{"count":108,"href":"https:\/\/tompi.be\/index.php\/wp-json\/wp\/v2\/pages\/55\/revisions"}],"predecessor-version":[{"id":783,"href":"https:\/\/tompi.be\/index.php\/wp-json\/wp\/v2\/pages\/55\/revisions\/783"}],"wp:attachment":[{"href":"https:\/\/tompi.be\/index.php\/wp-json\/wp\/v2\/media?parent=55"}],"curies":[{"name":"wp","href":"https:\/\/api.w.org\/{rel}","templated":true}]}}